{"id":70758,"date":"2021-11-29T10:20:11","date_gmt":"2021-11-29T10:20:11","guid":{"rendered":"https:\/\/magnetarheat.com\/?page_id=70758"},"modified":"2025-04-22T09:37:40","modified_gmt":"2025-04-22T09:37:40","slug":"kontakt","status":"publish","type":"page","link":"https:\/\/test.magnetarheat.com\/de\/kontakt\/","title":{"rendered":"Kontakt"},"content":{"rendered":"\n<div class=\"wp-block-columns is-layout-flex wp-container-core-columns-is-layout-28f84493 wp-block-columns-is-layout-flex\">\n<div class=\"wp-block-column is-layout-flow wp-block-column-is-layout-flow\">\n<p>Fragen? Schauen Sie zuerst in unsere FAQ, denn m\u00f6glicherweise wurde Ihre Frage dort bereits beantwortet. Falls nicht, f\u00fcllen Sie bitte das danebenstehende Kontaktformular aus, und wir melden uns schnellstm\u00f6glich bei Ihnen.<\/p>\n\n\n\n<p>Dies dauert in der Regel 1\u20132 Werktage.<\/p>\n\n\n\n<p>Feedback? Das Ausf\u00fcllen des untenstehenden Kontaktformulars wird sehr gesch\u00e4tzt.<\/p>\n\n\n\n<figure class=\"wp-block-image aligncenter size-large is-resized\"><img fetchpriority=\"high\" decoding=\"async\" width=\"1024\" height=\"319\" src=\"https:\/\/test.magnetarheat.com\/wp-content\/uploads\/2022\/11\/Magnetar-Heat-Final-logo_JPG-With-White-Background-1024x319.png\" alt=\"\" class=\"wp-image-3202\" style=\"width:1018px;height:auto\" srcset=\"https:\/\/test.magnetarheat.com\/wp-content\/uploads\/2022\/11\/Magnetar-Heat-Final-logo_JPG-With-White-Background-1024x319.png 1024w, https:\/\/test.magnetarheat.com\/wp-content\/uploads\/2022\/11\/Magnetar-Heat-Final-logo_JPG-With-White-Background-300x94.png 300w, https:\/\/test.magnetarheat.com\/wp-content\/uploads\/2022\/11\/Magnetar-Heat-Final-logo_JPG-With-White-Background-150x47.png 150w, https:\/\/test.magnetarheat.com\/wp-content\/uploads\/2022\/11\/Magnetar-Heat-Final-logo_JPG-With-White-Background-800x250.png 800w, https:\/\/test.magnetarheat.com\/wp-content\/uploads\/2022\/11\/Magnetar-Heat-Final-logo_JPG-With-White-Background-768x240.png 768w, https:\/\/test.magnetarheat.com\/wp-content\/uploads\/2022\/11\/Magnetar-Heat-Final-logo_JPG-With-White-Background-1536x479.png 1536w, https:\/\/test.magnetarheat.com\/wp-content\/uploads\/2022\/11\/Magnetar-Heat-Final-logo_JPG-With-White-Background-2048x639.png 2048w\" sizes=\"(max-width: 1024px) 100vw, 1024px\" \/><\/figure>\n\n\n\n<p class=\"has-text-align-center\"><strong>test.magnetarheat.com<br><\/strong>Eeuwlandseweg 9d<\/p>\n<\/div>\n\n\n\n<div class=\"wp-block-column is-layout-flow wp-block-column-is-layout-flow\">\n<div class=\"wp-block-contact-form-7-contact-form-selector\">\n<div class=\"wpcf7 no-js\" id=\"wpcf7-f70790-o1\" lang=\"nl-NL\" dir=\"ltr\" data-wpcf7-id=\"70790\">\n<div class=\"screen-reader-response\"><p role=\"status\" aria-live=\"polite\" aria-atomic=\"true\"><\/p> <ul><\/ul><\/div>\n<form action=\"\/de\/wp-json\/wp\/v2\/pages\/70758#wpcf7-f70790-o1\" method=\"post\" class=\"wpcf7-form init wpcf7-acceptance-as-validation\" aria-label=\"Contactformulier\" novalidate=\"novalidate\" data-status=\"init\">\n<fieldset class=\"hidden-fields-container\"><input type=\"hidden\" name=\"_wpcf7\" value=\"70790\" \/><input type=\"hidden\" name=\"_wpcf7_version\" value=\"6.1.5\" \/><input type=\"hidden\" name=\"_wpcf7_locale\" value=\"nl_NL\" \/><input type=\"hidden\" name=\"_wpcf7_unit_tag\" value=\"wpcf7-f70790-o1\" \/><input type=\"hidden\" name=\"_wpcf7_container_post\" value=\"0\" \/><input type=\"hidden\" name=\"_wpcf7_posted_data_hash\" value=\"\" \/><input type=\"hidden\" name=\"_wpcf7_recaptcha_response\" value=\"\" \/>\n<\/fieldset>\n<p><label> Name*<br \/>\n<span class=\"wpcf7-form-control-wrap\" data-name=\"Ihre-Name\"><input size=\"40\" maxlength=\"400\" class=\"wpcf7-form-control wpcf7-text wpcf7-validates-as-required\" aria-required=\"true\" aria-invalid=\"false\" value=\"\" type=\"text\" name=\"Ihre-Name\" \/><\/span> <\/label>\n<\/p>\n<p><label> E-mail*<br \/>\n<span class=\"wpcf7-form-control-wrap\" data-name=\"Ihre-Email\"><input size=\"40\" maxlength=\"400\" class=\"wpcf7-form-control wpcf7-email wpcf7-validates-as-required wpcf7-text wpcf7-validates-as-email\" aria-required=\"true\" aria-invalid=\"false\" value=\"\" type=\"email\" name=\"Ihre-Email\" \/><\/span> <\/label>\n<\/p>\n<p><label> Betreff*<br \/>\n<span class=\"wpcf7-form-control-wrap\" data-name=\"Ihr-Betreff\"><input size=\"40\" maxlength=\"400\" class=\"wpcf7-form-control wpcf7-text wpcf7-validates-as-required\" aria-required=\"true\" aria-invalid=\"false\" value=\"\" type=\"text\" name=\"Ihr-Betreff\" \/><\/span> <\/label>\n<\/p>\n<p><label> Bestellnummer (optional)<br \/>\n<span class=\"wpcf7-form-control-wrap\" data-name=\"Ihre-Bestellnummer\"><input size=\"40\" maxlength=\"400\" class=\"wpcf7-form-control wpcf7-text\" aria-invalid=\"false\" value=\"\" type=\"text\" name=\"Ihre-Bestellnummer\" \/><\/span> <\/label>\n<\/p>\n<p><label> Nachricht<br \/>\n<span class=\"wpcf7-form-control-wrap\" data-name=\"Ihre-Nachricht\"><textarea cols=\"40\" rows=\"10\" maxlength=\"2000\" class=\"wpcf7-form-control wpcf7-textarea\" aria-invalid=\"false\" name=\"Ihre-Nachricht\"><\/textarea><\/span> <\/label>\n<\/p>\n<p><input class=\"wpcf7-form-control wpcf7-submit has-spinner\" type=\"submit\" value=\"Senden\" \/>\n<\/p><div class=\"wpcf7-response-output\" aria-hidden=\"true\"><\/div>\n<\/form>\n<\/div>\n<\/div>\n<\/div>\n<\/div>\n\n\n\n<p><\/p>\n","protected":false},"excerpt":{"rendered":"<p>Fragen? Schauen Sie zuerst in unsere FAQ, denn m\u00f6glicherweise wurde Ihre Frage dort bereits beantwortet. Falls nicht, f\u00fcllen Sie bitte das danebenstehende Kontaktformular aus, und wir melden uns schnellstm\u00f6glich bei Ihnen. Dies dauert in der Regel 1\u20132 Werktage. Feedback? Das Ausf\u00fcllen des untenstehenden Kontaktformulars wird sehr gesch\u00e4tzt. test.magnetarheat.comEeuwlandseweg 9d<\/p>\n","protected":false},"author":1,"featured_media":70759,"parent":0,"menu_order":0,"comment_status":"closed","ping_status":"closed","template":"","meta":{"inline_featured_image":false,"_monsterinsights_skip_tracking":false,"_monsterinsights_sitenote_active":false,"_monsterinsights_sitenote_note":"","_monsterinsights_sitenote_category":0,"footnotes":""},"class_list":["post-70758","page","type-page","status-publish","has-post-thumbnail","hentry"],"yoast_head":"<!-- This site is optimized with the Yoast SEO plugin v27.0 - https:\/\/yoast.com\/product\/yoast-seo-wordpress\/ -->\n<title>Kontakt - Magnetar Heat<\/title>\n<meta name=\"robots\" content=\"index, follow, max-snippet:-1, max-image-preview:large, max-video-preview:-1\" \/>\n<link rel=\"canonical\" href=\"https:\/\/test.magnetarheat.com\/de\/kontakt\/\" \/>\n<meta property=\"og:locale\" content=\"de_DE\" \/>\n<meta property=\"og:type\" content=\"article\" \/>\n<meta property=\"og:title\" content=\"Kontakt - Magnetar Heat\" \/>\n<meta property=\"og:description\" content=\"Fragen? Schauen Sie zuerst in unsere FAQ, denn m\u00f6glicherweise wurde Ihre Frage dort bereits beantwortet. Falls nicht, f\u00fcllen Sie bitte das danebenstehende Kontaktformular aus, und wir melden uns schnellstm\u00f6glich bei Ihnen. Dies dauert in der Regel 1\u20132 Werktage. Feedback? Das Ausf\u00fcllen des untenstehenden Kontaktformulars wird sehr gesch\u00e4tzt. test.magnetarheat.comEeuwlandseweg 9d\" \/>\n<meta property=\"og:url\" content=\"https:\/\/test.magnetarheat.com\/de\/kontakt\/\" \/>\n<meta property=\"og:site_name\" content=\"Magnetar Heat\" \/>\n<meta property=\"article:modified_time\" content=\"2025-04-22T09:37:40+00:00\" \/>\n<meta property=\"og:image\" content=\"https:\/\/magnetarheat.com\/wp-content\/uploads\/2021\/11\/Foto-voor-wandelen-blogtekst-3-scaled.jpg\" \/>\n\t<meta property=\"og:image:width\" content=\"2560\" \/>\n\t<meta property=\"og:image:height\" content=\"1707\" \/>\n\t<meta property=\"og:image:type\" content=\"image\/jpeg\" \/>\n<meta name=\"twitter:card\" content=\"summary_large_image\" \/>\n<script type=\"application\/ld+json\" class=\"yoast-schema-graph\">{\"@context\":\"https:\/\/schema.org\",\"@graph\":[{\"@type\":\"WebPage\",\"@id\":\"https:\/\/test.magnetarheat.com\/de\/kontakt\/\",\"url\":\"https:\/\/test.magnetarheat.com\/de\/kontakt\/\",\"name\":\"Kontakt - Magnetar Heat\",\"isPartOf\":{\"@id\":\"https:\/\/magnetarheat.com\/#website\"},\"primaryImageOfPage\":{\"@id\":\"https:\/\/test.magnetarheat.com\/de\/kontakt\/#primaryimage\"},\"image\":{\"@id\":\"https:\/\/test.magnetarheat.com\/de\/kontakt\/#primaryimage\"},\"thumbnailUrl\":\"https:\/\/test.magnetarheat.com\/wp-content\/uploads\/2021\/11\/Foto-voor-wandelen-blogtekst-3-scaled.jpg\",\"datePublished\":\"2021-11-29T10:20:11+00:00\",\"dateModified\":\"2025-04-22T09:37:40+00:00\",\"breadcrumb\":{\"@id\":\"https:\/\/test.magnetarheat.com\/de\/kontakt\/#breadcrumb\"},\"inLanguage\":\"de\",\"potentialAction\":[{\"@type\":\"ReadAction\",\"target\":[\"https:\/\/test.magnetarheat.com\/de\/kontakt\/\"]}]},{\"@type\":\"ImageObject\",\"inLanguage\":\"de\",\"@id\":\"https:\/\/test.magnetarheat.com\/de\/kontakt\/#primaryimage\",\"url\":\"https:\/\/test.magnetarheat.com\/wp-content\/uploads\/2021\/11\/Foto-voor-wandelen-blogtekst-3-scaled.jpg\",\"contentUrl\":\"https:\/\/test.magnetarheat.com\/wp-content\/uploads\/2021\/11\/Foto-voor-wandelen-blogtekst-3-scaled.jpg\",\"width\":2560,\"height\":1707},{\"@type\":\"BreadcrumbList\",\"@id\":\"https:\/\/test.magnetarheat.com\/de\/kontakt\/#breadcrumb\",\"itemListElement\":[{\"@type\":\"ListItem\",\"position\":1,\"name\":\"Startseite\",\"item\":\"https:\/\/magnetarheat.com\/de\/\"},{\"@type\":\"ListItem\",\"position\":2,\"name\":\"Kontakt\"}]},{\"@type\":\"WebSite\",\"@id\":\"https:\/\/magnetarheat.com\/#website\",\"url\":\"https:\/\/magnetarheat.com\/\",\"name\":\"Magnetar Heat\",\"description\":\"Heated Clothing by Magnetar Heat\",\"publisher\":{\"@id\":\"https:\/\/magnetarheat.com\/#organization\"},\"potentialAction\":[{\"@type\":\"SearchAction\",\"target\":{\"@type\":\"EntryPoint\",\"urlTemplate\":\"https:\/\/magnetarheat.com\/?s={search_term_string}\"},\"query-input\":{\"@type\":\"PropertyValueSpecification\",\"valueRequired\":true,\"valueName\":\"search_term_string\"}}],\"inLanguage\":\"de\"},{\"@type\":\"Organization\",\"@id\":\"https:\/\/magnetarheat.com\/#organization\",\"name\":\"Magnetar Heat\",\"url\":\"https:\/\/magnetarheat.com\/\",\"logo\":{\"@type\":\"ImageObject\",\"inLanguage\":\"de\",\"@id\":\"https:\/\/magnetarheat.com\/#\/schema\/logo\/image\/\",\"url\":\"https:\/\/magnetarheat.com\/wp-content\/uploads\/2022\/01\/Magnetar-Heat-Final-logo_PNG-1-2.png\",\"contentUrl\":\"https:\/\/magnetarheat.com\/wp-content\/uploads\/2022\/01\/Magnetar-Heat-Final-logo_PNG-1-2.png\",\"width\":500,\"height\":131,\"caption\":\"Magnetar Heat\"},\"image\":{\"@id\":\"https:\/\/magnetarheat.com\/#\/schema\/logo\/image\/\"}}]}<\/script>\n<!-- \/ Yoast SEO plugin. -->","yoast_head_json":{"title":"Kontakt - Magnetar Heat","robots":{"index":"index","follow":"follow","max-snippet":"max-snippet:-1","max-image-preview":"max-image-preview:large","max-video-preview":"max-video-preview:-1"},"canonical":"https:\/\/test.magnetarheat.com\/de\/kontakt\/","og_locale":"de_DE","og_type":"article","og_title":"Kontakt - Magnetar Heat","og_description":"Fragen? Schauen Sie zuerst in unsere FAQ, denn m\u00f6glicherweise wurde Ihre Frage dort bereits beantwortet. Falls nicht, f\u00fcllen Sie bitte das danebenstehende Kontaktformular aus, und wir melden uns schnellstm\u00f6glich bei Ihnen. Dies dauert in der Regel 1\u20132 Werktage. Feedback? Das Ausf\u00fcllen des untenstehenden Kontaktformulars wird sehr gesch\u00e4tzt. test.magnetarheat.comEeuwlandseweg 9d","og_url":"https:\/\/test.magnetarheat.com\/de\/kontakt\/","og_site_name":"Magnetar Heat","article_modified_time":"2025-04-22T09:37:40+00:00","og_image":[{"width":2560,"height":1707,"url":"https:\/\/magnetarheat.com\/wp-content\/uploads\/2021\/11\/Foto-voor-wandelen-blogtekst-3-scaled.jpg","type":"image\/jpeg"}],"twitter_card":"summary_large_image","schema":{"@context":"https:\/\/schema.org","@graph":[{"@type":"WebPage","@id":"https:\/\/test.magnetarheat.com\/de\/kontakt\/","url":"https:\/\/test.magnetarheat.com\/de\/kontakt\/","name":"Kontakt - Magnetar Heat","isPartOf":{"@id":"https:\/\/magnetarheat.com\/#website"},"primaryImageOfPage":{"@id":"https:\/\/test.magnetarheat.com\/de\/kontakt\/#primaryimage"},"image":{"@id":"https:\/\/test.magnetarheat.com\/de\/kontakt\/#primaryimage"},"thumbnailUrl":"https:\/\/test.magnetarheat.com\/wp-content\/uploads\/2021\/11\/Foto-voor-wandelen-blogtekst-3-scaled.jpg","datePublished":"2021-11-29T10:20:11+00:00","dateModified":"2025-04-22T09:37:40+00:00","breadcrumb":{"@id":"https:\/\/test.magnetarheat.com\/de\/kontakt\/#breadcrumb"},"inLanguage":"de","potentialAction":[{"@type":"ReadAction","target":["https:\/\/test.magnetarheat.com\/de\/kontakt\/"]}]},{"@type":"ImageObject","inLanguage":"de","@id":"https:\/\/test.magnetarheat.com\/de\/kontakt\/#primaryimage","url":"https:\/\/test.magnetarheat.com\/wp-content\/uploads\/2021\/11\/Foto-voor-wandelen-blogtekst-3-scaled.jpg","contentUrl":"https:\/\/test.magnetarheat.com\/wp-content\/uploads\/2021\/11\/Foto-voor-wandelen-blogtekst-3-scaled.jpg","width":2560,"height":1707},{"@type":"BreadcrumbList","@id":"https:\/\/test.magnetarheat.com\/de\/kontakt\/#breadcrumb","itemListElement":[{"@type":"ListItem","position":1,"name":"Startseite","item":"https:\/\/magnetarheat.com\/de\/"},{"@type":"ListItem","position":2,"name":"Kontakt"}]},{"@type":"WebSite","@id":"https:\/\/magnetarheat.com\/#website","url":"https:\/\/magnetarheat.com\/","name":"Magnetar Heat","description":"Heated Clothing by Magnetar Heat","publisher":{"@id":"https:\/\/magnetarheat.com\/#organization"},"potentialAction":[{"@type":"SearchAction","target":{"@type":"EntryPoint","urlTemplate":"https:\/\/magnetarheat.com\/?s={search_term_string}"},"query-input":{"@type":"PropertyValueSpecification","valueRequired":true,"valueName":"search_term_string"}}],"inLanguage":"de"},{"@type":"Organization","@id":"https:\/\/magnetarheat.com\/#organization","name":"Magnetar Heat","url":"https:\/\/magnetarheat.com\/","logo":{"@type":"ImageObject","inLanguage":"de","@id":"https:\/\/magnetarheat.com\/#\/schema\/logo\/image\/","url":"https:\/\/magnetarheat.com\/wp-content\/uploads\/2022\/01\/Magnetar-Heat-Final-logo_PNG-1-2.png","contentUrl":"https:\/\/magnetarheat.com\/wp-content\/uploads\/2022\/01\/Magnetar-Heat-Final-logo_PNG-1-2.png","width":500,"height":131,"caption":"Magnetar Heat"},"image":{"@id":"https:\/\/magnetarheat.com\/#\/schema\/logo\/image\/"}}]}},"_links":{"self":[{"href":"https:\/\/test.magnetarheat.com\/de\/wp-json\/wp\/v2\/pages\/70758","targetHints":{"allow":["GET"]}}],"collection":[{"href":"https:\/\/test.magnetarheat.com\/de\/wp-json\/wp\/v2\/pages"}],"about":[{"href":"https:\/\/test.magnetarheat.com\/de\/wp-json\/wp\/v2\/types\/page"}],"author":[{"embeddable":true,"href":"https:\/\/test.magnetarheat.com\/de\/wp-json\/wp\/v2\/users\/1"}],"replies":[{"embeddable":true,"href":"https:\/\/test.magnetarheat.com\/de\/wp-json\/wp\/v2\/comments?post=70758"}],"version-history":[{"count":0,"href":"https:\/\/test.magnetarheat.com\/de\/wp-json\/wp\/v2\/pages\/70758\/revisions"}],"wp:featuredmedia":[{"embeddable":true,"href":"https:\/\/test.magnetarheat.com\/de\/wp-json\/wp\/v2\/media\/70759"}],"wp:attachment":[{"href":"https:\/\/test.magnetarheat.com\/de\/wp-json\/wp\/v2\/media?parent=70758"}],"curies":[{"name":"wp","href":"https:\/\/api.w.org\/{rel}","templated":true}]}}