{"id":70766,"date":"2021-11-29T10:18:14","date_gmt":"2021-11-29T10:18:14","guid":{"rendered":"https:\/\/magnetarheat.com\/?page_id=70766"},"modified":"2025-04-22T09:24:57","modified_gmt":"2025-04-22T09:24:57","slug":"unsere-geschi","status":"publish","type":"page","link":"https:\/\/test.magnetarheat.com\/de\/unsere-geschi\/","title":{"rendered":"Unsere Geschichte"},"content":{"rendered":"\n<p class=\"has-text-align-center\" style=\"font-size:clamp(16.293px, 1.018rem + ((1vw - 3.2px) * 1.001), 25px);\"><strong>Magnetar Heat umh\u00fcllt dich mit W\u00e4rme<\/strong><\/p>\n\n\n\n<p>Du m\u00f6chtest dein Hobby aus\u00fcben, aber drau\u00dfen ist es eigentlich zu kalt, um ohne dicke Jacke das Haus zu verlassen. Denke an die K\u00e4lte w\u00e4hrend einer Radtour im Herbst oder an ein Fu\u00dfballspiel, bei dem du beim Anfeuern deines Vereins frierend auf der Trib\u00fcne sitzt. Bei deiner liebsten Outdoor-Aktivit\u00e4t kann die K\u00e4lte schnell den Spa\u00df verderben. Mit der <a href=\"https:\/\/test.magnetarheat.com\/de\/produkt\/softshell-elektrisch-beheizbare-jacke-mit-powerbank-10-stunden-waerme-wasser-und-winddicht-ideal-fuer-outdoor\/\">beheizten Jacke<\/a> von Magnetar Heat geh\u00f6rt dieses Problem der Vergangenheit an.<\/p>\n\n\n\n<p>Beim Wandern, Radfahren, Skifahren, Angeln oder Reiten gibt es eine Gemeinsamkeit: Es kann unangenehm kalt werden. Magnetar Heat umh\u00fcllt dich in diesen Momenten mit wohltuender W\u00e4rme. Durch die Kombination von Funktionalit\u00e4t und Komfort ist die beheizbare Kleidung von Magnetar Heat perfekt f\u00fcr jede Outdoor-Aktivit\u00e4t geeignet.<\/p>\n\n\n\n<p>Dank der neuen Technologie von Magnetar Heat ist W\u00e4rme zum Greifen nah. Mit drei verschiedenen Heizstufen kontrollierst du dein pers\u00f6nliches W\u00e4rmegef\u00fchl. Eine beheizte Jacke von Magnetar Heat speichert die W\u00e4rme, sodass du sie direkt am K\u00f6rper sp\u00fcrst und dadurch komfortabel Sport treiben, arbeiten oder handwerken kannst. Magnetar Heat begleitet dich bei jeder Outdoor-Aktivit\u00e4t und hilft dir dabei, warme Erinnerungen zu schaffen.<\/p>\n\n\n\n<p class=\"has-text-align-center\" style=\"font-size:clamp(16.293px, 1.018rem + ((1vw - 3.2px) * 1.001), 25px);\"><strong>Ein <mark style=\"background-color:rgba(0, 0, 0, 0)\" class=\"has-inline-color has-trader-primary-color\">warmes<\/mark> Abenteuer f\u00fcr alle<\/strong><\/p>\n\n\n\n<div class=\"wp-block-group is-layout-flow wp-block-group-is-layout-flow\"><\/div>\n\n\n\n<p>Mit den Produkten von Magnetar Heat geh\u00f6rt das Beheizen ganzer R\u00e4ume der Vergangenheit an. Neben dem angenehmen Gef\u00fchl wohltuender W\u00e4rme sind die Jacken von Magnetar Heat deutlich effizienter als das Heizen eines gesamten Lagers. W\u00e4rme dich selbst, nicht die Erde.<\/p>\n\n\n\n<p>Magnetar Heat ist ein niederl\u00e4ndisches Unternehmen, das beheizbare Kleidung mit integrierten Heizelementen entwirft und produziert. Die Designs sind innovativ, langlebig und stilvoll. Gr\u00fcnder Reinout hatte die Idee f\u00fcr eine beheizbare Jacke w\u00e4hrend der kalten Tage des Jahres. Das Tragen einer dicken Winterjacke bei sportlichen Aktivit\u00e4ten st\u00f6rte ihn zunehmend. Dieses Problem f\u00fchrte ihn an den Zeichentisch, und so entstand die erste Idee f\u00fcr eine elektrisch beheizbare Jacke.<\/p>\n\n\n\n<div class=\"wp-block-buttons is-horizontal is-content-justification-center is-layout-flex wp-container-core-buttons-is-layout-03627597 wp-block-buttons-is-layout-flex\">\n<div class=\"wp-block-button is-style-primary\"><a class=\"wp-block-button__link wp-element-button\" href=\"https:\/\/test.magnetarheat.com\/de\/shop\/\" style=\"border-radius:5px\">Entdecke das perfekte Produkt f\u00fcr dein Hobby!<\/a><\/div>\n<\/div>\n\n\n\n<p><\/p>\n","protected":false},"excerpt":{"rendered":"<p>Magnetar Heat umh\u00fcllt dich mit W\u00e4rme Du m\u00f6chtest dein Hobby aus\u00fcben, aber drau\u00dfen ist es eigentlich zu kalt, um ohne dicke Jacke das Haus zu verlassen. Denke an die K\u00e4lte w\u00e4hrend einer Radtour im Herbst oder an ein Fu\u00dfballspiel, bei dem du beim Anfeuern deines Vereins frierend auf der Trib\u00fcne sitzt. Bei deiner liebsten Outdoor-Aktivit\u00e4t [&hellip;]<\/p>\n","protected":false},"author":1,"featured_media":70772,"parent":0,"menu_order":0,"comment_status":"closed","ping_status":"closed","template":"","meta":{"inline_featured_image":false,"_monsterinsights_skip_tracking":false,"_monsterinsights_sitenote_active":false,"_monsterinsights_sitenote_note":"","_monsterinsights_sitenote_category":0,"footnotes":""},"class_list":["post-70766","page","type-page","status-publish","has-post-thumbnail","hentry"],"yoast_head":"<!-- This site is optimized with the Yoast SEO plugin v27.0 - https:\/\/yoast.com\/product\/yoast-seo-wordpress\/ -->\n<title>Unsere Geschichte - Magnetar Heat<\/title>\n<meta name=\"robots\" content=\"index, follow, max-snippet:-1, max-image-preview:large, max-video-preview:-1\" \/>\n<link rel=\"canonical\" href=\"https:\/\/test.magnetarheat.com\/de\/unsere-geschi\/\" \/>\n<meta property=\"og:locale\" content=\"de_DE\" \/>\n<meta property=\"og:type\" content=\"article\" \/>\n<meta property=\"og:title\" content=\"Unsere Geschichte - Magnetar Heat\" \/>\n<meta property=\"og:description\" content=\"Magnetar Heat umh\u00fcllt dich mit W\u00e4rme Du m\u00f6chtest dein Hobby aus\u00fcben, aber drau\u00dfen ist es eigentlich zu kalt, um ohne dicke Jacke das Haus zu verlassen. Denke an die K\u00e4lte w\u00e4hrend einer Radtour im Herbst oder an ein Fu\u00dfballspiel, bei dem du beim Anfeuern deines Vereins frierend auf der Trib\u00fcne sitzt. Bei deiner liebsten Outdoor-Aktivit\u00e4t [&hellip;]\" \/>\n<meta property=\"og:url\" content=\"https:\/\/test.magnetarheat.com\/de\/unsere-geschi\/\" \/>\n<meta property=\"og:site_name\" content=\"Magnetar Heat\" \/>\n<meta property=\"article:modified_time\" content=\"2025-04-22T09:24:57+00:00\" \/>\n<meta property=\"og:image\" content=\"https:\/\/magnetarheat.com\/wp-content\/uploads\/2021\/12\/pexels-godless-humanist-1587905-scaled.jpg\" \/>\n\t<meta property=\"og:image:width\" content=\"2560\" \/>\n\t<meta property=\"og:image:height\" content=\"827\" \/>\n\t<meta property=\"og:image:type\" content=\"image\/jpeg\" \/>\n<meta name=\"twitter:card\" content=\"summary_large_image\" \/>\n<meta name=\"twitter:label1\" content=\"Gesch\u00e4tzte Lesezeit\" \/>\n\t<meta name=\"twitter:data1\" content=\"2\u00a0Minuten\" \/>\n<script type=\"application\/ld+json\" class=\"yoast-schema-graph\">{\"@context\":\"https:\/\/schema.org\",\"@graph\":[{\"@type\":\"WebPage\",\"@id\":\"https:\/\/test.magnetarheat.com\/de\/unsere-geschi\/\",\"url\":\"https:\/\/test.magnetarheat.com\/de\/unsere-geschi\/\",\"name\":\"Unsere Geschichte - Magnetar Heat\",\"isPartOf\":{\"@id\":\"https:\/\/magnetarheat.com\/#website\"},\"primaryImageOfPage\":{\"@id\":\"https:\/\/test.magnetarheat.com\/de\/unsere-geschi\/#primaryimage\"},\"image\":{\"@id\":\"https:\/\/test.magnetarheat.com\/de\/unsere-geschi\/#primaryimage\"},\"thumbnailUrl\":\"https:\/\/test.magnetarheat.com\/wp-content\/uploads\/2021\/12\/pexels-godless-humanist-1587905-scaled.jpg\",\"datePublished\":\"2021-11-29T10:18:14+00:00\",\"dateModified\":\"2025-04-22T09:24:57+00:00\",\"breadcrumb\":{\"@id\":\"https:\/\/test.magnetarheat.com\/de\/unsere-geschi\/#breadcrumb\"},\"inLanguage\":\"de\",\"potentialAction\":[{\"@type\":\"ReadAction\",\"target\":[\"https:\/\/test.magnetarheat.com\/de\/unsere-geschi\/\"]}]},{\"@type\":\"ImageObject\",\"inLanguage\":\"de\",\"@id\":\"https:\/\/test.magnetarheat.com\/de\/unsere-geschi\/#primaryimage\",\"url\":\"https:\/\/test.magnetarheat.com\/wp-content\/uploads\/2021\/12\/pexels-godless-humanist-1587905-scaled.jpg\",\"contentUrl\":\"https:\/\/test.magnetarheat.com\/wp-content\/uploads\/2021\/12\/pexels-godless-humanist-1587905-scaled.jpg\",\"width\":2560,\"height\":827},{\"@type\":\"BreadcrumbList\",\"@id\":\"https:\/\/test.magnetarheat.com\/de\/unsere-geschi\/#breadcrumb\",\"itemListElement\":[{\"@type\":\"ListItem\",\"position\":1,\"name\":\"Startseite\",\"item\":\"https:\/\/magnetarheat.com\/de\/\"},{\"@type\":\"ListItem\",\"position\":2,\"name\":\"Unsere Geschichte\"}]},{\"@type\":\"WebSite\",\"@id\":\"https:\/\/magnetarheat.com\/#website\",\"url\":\"https:\/\/magnetarheat.com\/\",\"name\":\"Magnetar Heat\",\"description\":\"Heated Clothing by Magnetar Heat\",\"publisher\":{\"@id\":\"https:\/\/magnetarheat.com\/#organization\"},\"potentialAction\":[{\"@type\":\"SearchAction\",\"target\":{\"@type\":\"EntryPoint\",\"urlTemplate\":\"https:\/\/magnetarheat.com\/?s={search_term_string}\"},\"query-input\":{\"@type\":\"PropertyValueSpecification\",\"valueRequired\":true,\"valueName\":\"search_term_string\"}}],\"inLanguage\":\"de\"},{\"@type\":\"Organization\",\"@id\":\"https:\/\/magnetarheat.com\/#organization\",\"name\":\"Magnetar Heat\",\"url\":\"https:\/\/magnetarheat.com\/\",\"logo\":{\"@type\":\"ImageObject\",\"inLanguage\":\"de\",\"@id\":\"https:\/\/magnetarheat.com\/#\/schema\/logo\/image\/\",\"url\":\"https:\/\/magnetarheat.com\/wp-content\/uploads\/2022\/01\/Magnetar-Heat-Final-logo_PNG-1-2.png\",\"contentUrl\":\"https:\/\/magnetarheat.com\/wp-content\/uploads\/2022\/01\/Magnetar-Heat-Final-logo_PNG-1-2.png\",\"width\":500,\"height\":131,\"caption\":\"Magnetar Heat\"},\"image\":{\"@id\":\"https:\/\/magnetarheat.com\/#\/schema\/logo\/image\/\"}}]}<\/script>\n<!-- \/ Yoast SEO plugin. -->","yoast_head_json":{"title":"Unsere Geschichte - Magnetar Heat","robots":{"index":"index","follow":"follow","max-snippet":"max-snippet:-1","max-image-preview":"max-image-preview:large","max-video-preview":"max-video-preview:-1"},"canonical":"https:\/\/test.magnetarheat.com\/de\/unsere-geschi\/","og_locale":"de_DE","og_type":"article","og_title":"Unsere Geschichte - Magnetar Heat","og_description":"Magnetar Heat umh\u00fcllt dich mit W\u00e4rme Du m\u00f6chtest dein Hobby aus\u00fcben, aber drau\u00dfen ist es eigentlich zu kalt, um ohne dicke Jacke das Haus zu verlassen. Denke an die K\u00e4lte w\u00e4hrend einer Radtour im Herbst oder an ein Fu\u00dfballspiel, bei dem du beim Anfeuern deines Vereins frierend auf der Trib\u00fcne sitzt. Bei deiner liebsten Outdoor-Aktivit\u00e4t [&hellip;]","og_url":"https:\/\/test.magnetarheat.com\/de\/unsere-geschi\/","og_site_name":"Magnetar Heat","article_modified_time":"2025-04-22T09:24:57+00:00","og_image":[{"width":2560,"height":827,"url":"https:\/\/magnetarheat.com\/wp-content\/uploads\/2021\/12\/pexels-godless-humanist-1587905-scaled.jpg","type":"image\/jpeg"}],"twitter_card":"summary_large_image","twitter_misc":{"Gesch\u00e4tzte Lesezeit":"2\u00a0Minuten"},"schema":{"@context":"https:\/\/schema.org","@graph":[{"@type":"WebPage","@id":"https:\/\/test.magnetarheat.com\/de\/unsere-geschi\/","url":"https:\/\/test.magnetarheat.com\/de\/unsere-geschi\/","name":"Unsere Geschichte - Magnetar Heat","isPartOf":{"@id":"https:\/\/magnetarheat.com\/#website"},"primaryImageOfPage":{"@id":"https:\/\/test.magnetarheat.com\/de\/unsere-geschi\/#primaryimage"},"image":{"@id":"https:\/\/test.magnetarheat.com\/de\/unsere-geschi\/#primaryimage"},"thumbnailUrl":"https:\/\/test.magnetarheat.com\/wp-content\/uploads\/2021\/12\/pexels-godless-humanist-1587905-scaled.jpg","datePublished":"2021-11-29T10:18:14+00:00","dateModified":"2025-04-22T09:24:57+00:00","breadcrumb":{"@id":"https:\/\/test.magnetarheat.com\/de\/unsere-geschi\/#breadcrumb"},"inLanguage":"de","potentialAction":[{"@type":"ReadAction","target":["https:\/\/test.magnetarheat.com\/de\/unsere-geschi\/"]}]},{"@type":"ImageObject","inLanguage":"de","@id":"https:\/\/test.magnetarheat.com\/de\/unsere-geschi\/#primaryimage","url":"https:\/\/test.magnetarheat.com\/wp-content\/uploads\/2021\/12\/pexels-godless-humanist-1587905-scaled.jpg","contentUrl":"https:\/\/test.magnetarheat.com\/wp-content\/uploads\/2021\/12\/pexels-godless-humanist-1587905-scaled.jpg","width":2560,"height":827},{"@type":"BreadcrumbList","@id":"https:\/\/test.magnetarheat.com\/de\/unsere-geschi\/#breadcrumb","itemListElement":[{"@type":"ListItem","position":1,"name":"Startseite","item":"https:\/\/magnetarheat.com\/de\/"},{"@type":"ListItem","position":2,"name":"Unsere Geschichte"}]},{"@type":"WebSite","@id":"https:\/\/magnetarheat.com\/#website","url":"https:\/\/magnetarheat.com\/","name":"Magnetar Heat","description":"Heated Clothing by Magnetar Heat","publisher":{"@id":"https:\/\/magnetarheat.com\/#organization"},"potentialAction":[{"@type":"SearchAction","target":{"@type":"EntryPoint","urlTemplate":"https:\/\/magnetarheat.com\/?s={search_term_string}"},"query-input":{"@type":"PropertyValueSpecification","valueRequired":true,"valueName":"search_term_string"}}],"inLanguage":"de"},{"@type":"Organization","@id":"https:\/\/magnetarheat.com\/#organization","name":"Magnetar Heat","url":"https:\/\/magnetarheat.com\/","logo":{"@type":"ImageObject","inLanguage":"de","@id":"https:\/\/magnetarheat.com\/#\/schema\/logo\/image\/","url":"https:\/\/magnetarheat.com\/wp-content\/uploads\/2022\/01\/Magnetar-Heat-Final-logo_PNG-1-2.png","contentUrl":"https:\/\/magnetarheat.com\/wp-content\/uploads\/2022\/01\/Magnetar-Heat-Final-logo_PNG-1-2.png","width":500,"height":131,"caption":"Magnetar Heat"},"image":{"@id":"https:\/\/magnetarheat.com\/#\/schema\/logo\/image\/"}}]}},"_links":{"self":[{"href":"https:\/\/test.magnetarheat.com\/de\/wp-json\/wp\/v2\/pages\/70766","targetHints":{"allow":["GET"]}}],"collection":[{"href":"https:\/\/test.magnetarheat.com\/de\/wp-json\/wp\/v2\/pages"}],"about":[{"href":"https:\/\/test.magnetarheat.com\/de\/wp-json\/wp\/v2\/types\/page"}],"author":[{"embeddable":true,"href":"https:\/\/test.magnetarheat.com\/de\/wp-json\/wp\/v2\/users\/1"}],"replies":[{"embeddable":true,"href":"https:\/\/test.magnetarheat.com\/de\/wp-json\/wp\/v2\/comments?post=70766"}],"version-history":[{"count":0,"href":"https:\/\/test.magnetarheat.com\/de\/wp-json\/wp\/v2\/pages\/70766\/revisions"}],"wp:featuredmedia":[{"embeddable":true,"href":"https:\/\/test.magnetarheat.com\/de\/wp-json\/wp\/v2\/media\/70772"}],"wp:attachment":[{"href":"https:\/\/test.magnetarheat.com\/de\/wp-json\/wp\/v2\/media?parent=70766"}],"curies":[{"name":"wp","href":"https:\/\/api.w.org\/{rel}","templated":true}]}}