{"id":70773,"date":"2022-01-12T14:13:01","date_gmt":"2022-01-12T14:13:01","guid":{"rendered":"https:\/\/magnetarheat.com\/?page_id=70773"},"modified":"2025-04-22T12:53:06","modified_gmt":"2025-04-22T12:53:06","slug":"datenschutzerklaerung","status":"publish","type":"page","link":"https:\/\/test.magnetarheat.com\/de\/datenschutzerklaerung\/","title":{"rendered":"Datenschutzerkl\u00e4rung"},"content":{"rendered":"\n<p>Datenschutzerkl\u00e4rung Magnetar B.V.<\/p>\n\n\n\n<p>Dies ist die Datenschutzerkl\u00e4rung der Gesellschaft mit beschr\u00e4nkter Haftung Magnetar B.V., im Folgenden: Magnetar. Magnetar ist bei der Handelskammer unter der Nummer 76761851 eingetragen und hat seinen Sitz an der Beeklandseweg 13 (8181NB) in Heerde. In diesem Dokument wird erl\u00e4utert, wie Magnetar mit der Verarbeitung Ihrer personenbezogenen Daten umgeht. Bei der Verarbeitung Ihrer personenbezogenen Daten wendet Magnetar \u00e4u\u00dferste Sorgfalt an.<\/p>\n\n\n\n<p><a>Erhebung personenbezogener Daten<\/a><\/p>\n\n\n\n<p>Wenn Sie die Dienstleistungen von Magnetar in Anspruch nehmen, stellen Sie selbst personenbezogene Daten zur Verf\u00fcgung, oder diese werden im Rahmen der Vertragsabwicklung erhoben. Personenbezogene Daten sind alle Informationen, die sich auf eine identifizierte oder identifizierbare nat\u00fcrliche Person beziehen.<\/p>\n\n\n\n<p>Kategorien personenbezogener Daten<\/p>\n\n\n\n<p>Magnetar verarbeitet die folgenden Kategorien personenbezogener Daten:<\/p>\n\n\n\n<ul class=\"wp-block-list\">\n<li>Kontakt- und Adressdaten, einschlie\u00dflich Standortdaten, Telefonnummer und E-Mail-Adresse;<\/li>\n\n\n\n<li>Unternehmensdaten, einschlie\u00dflich Umsatzsteuer-Identifikationsnummer und Handelsregisternummer;<\/li>\n\n\n\n<li>Abweichende Lieferadressen;<\/li>\n\n\n\n<li>Kontodaten, einschlie\u00dflich Benutzername und Passwort;<\/li>\n\n\n\n<li>Weitere personenbezogene Daten, die Sie selbst zur Verf\u00fcgung stellen.<\/li>\n<\/ul>\n\n\n\n<p>Zweck der Verarbeitung<\/p>\n\n\n\n<p>Die von Magnetar verarbeiteten personenbezogenen Daten dienen folgenden Zwecken:<\/p>\n\n\n\n<ul class=\"wp-block-list\">\n<li>Aufnahme von Kontakt, um Sie \u00fcber die von Ihnen in Anspruch genommenen Dienstleistungen und deren Ausf\u00fchrung zu informieren;<\/li>\n\n\n\n<li>Durchf\u00fchrung der Dienstleistungen;<\/li>\n\n\n\n<li>Verbesserung der Dienstleistungen;<\/li>\n\n\n\n<li>Durchf\u00fchrung von Zahlungen;<\/li>\n\n\n\n<li>Erf\u00fcllung gesetzlicher Verpflichtungen;<\/li>\n\n\n\n<li>Durchf\u00fchrung von Marketing- und Kommunikationsma\u00dfnahmen, einschlie\u00dflich der Verbesserung der Website durch Analyse des Besucherverhaltens;<\/li>\n\n\n\n<li>Versand von Newslettern;<\/li>\n\n\n\n<li>Austausch von Daten mit Dritten, soweit dies f\u00fcr die Ausf\u00fchrung der Dienstleistungen erforderlich ist.<\/li>\n<\/ul>\n\n\n\n<p>Rechtsgrundlage der Verarbeitung<\/p>\n\n\n\n<p>Die Verarbeitung personenbezogener Daten erfolgt nur auf Grundlage einer der folgenden Rechtsgrundlagen: (i) gesetzliche Verpflichtung, (ii) Vertragserf\u00fcllung, (iii) ausdr\u00fcckliche Einwilligung der betroffenen Person oder (iv) berechtigtes Interesse. Im Rahmen der Erbringung ihrer Dienstleistungen verarbeitet Magnetar nur solche personenbezogenen Daten, die f\u00fcr die (Verbesserung der) Dienstleistungen notwendig sind. Die Rechtsgrundlage f\u00fcr die Verarbeitung dieser Daten ist der mit Ihnen geschlossene Vertrag. Dar\u00fcber hinaus k\u00f6nnen personenbezogene Daten verarbeitet werden, wenn Sie die Website <a href=\"https:\/\/test.magnetarheat.com\">https:\/\/magnetarvismagneet.nl\/<\/a> besuchen und hierzu Ihre Einwilligung erteilt haben.<\/p>\n\n\n\n<p><a>Erforderlichkeit der Verarbeitung<\/a><\/p>\n\n\n\n<p>Die Verarbeitung Ihrer personenbezogenen Daten ist notwendig, um die angebotenen Dienstleistungen erbringen zu k\u00f6nnen. Ohne die Verarbeitung personenbezogener Daten kann Magnetar die Dienstleistungen nicht vollst\u00e4ndig erbringen. Wenn f\u00fcr bestimmte Zwecke Ihre ausdr\u00fcckliche Einwilligung erforderlich ist, wird diese separat eingeholt.<\/p>\n\n\n\n<p><a>Automatisierte Entscheidungsfindung<\/a><\/p>\n\n\n\n<p>Eine automatisierte Entscheidungsfindung findet nicht statt.<\/p>\n\n\n\n<p>Aufbewahrungsfrist<\/p>\n\n\n\n<p>Die von Magnetar verarbeiteten personenbezogenen Daten werden gem\u00e4\u00df den geltenden gesetzlichen Bestimmungen aufbewahrt. Wenn eine l\u00e4ngere Aufbewahrungsfrist gesetzlich vorgeschrieben ist, erfolgt die Speicherung entsprechend diesen Bestimmungen. Personenbezogene Daten werden nicht l\u00e4nger gespeichert als unbedingt erforderlich.<\/p>\n\n\n\n<p><strong>Verarbeitung durch Dritte<\/strong><\/p>\n\n\n\n<p>Magnetar gibt personenbezogene Daten nur dann an Dritte weiter, wenn dies f\u00fcr die Ausf\u00fchrung eines Vertrags oder zur Erf\u00fcllung gesetzlicher Verpflichtungen unbedingt erforderlich ist. Personenbezogene Daten werden nicht verkauft. Magnetar kann gesetzlich verpflichtet sein, personenbezogene Daten an Dritte weiterzugeben. Wenn personenbezogene Daten an Dritte weitergegeben werden, werden entsprechende Auftragsverarbeitungsvertr\u00e4ge abgeschlossen. Die Dritten, an die personenbezogene Daten weitergegeben werden, sind:<\/p>\n\n\n\n<ul class=\"wp-block-list\">\n<li>Eingeschaltete Lieferdienste, zur Erf\u00fcllung des Vertrags. Verarbeitete Daten: Kontakt- und Adressdaten.<\/li>\n\n\n\n<li>Zahlungsdienstleister (Payment Provider), zur Durchf\u00fchrung von Vertr\u00e4gen. Verarbeitete Daten: Finanzdaten.<\/li>\n\n\n\n<li>Buchhalter, zur Vertragserf\u00fcllung. Verarbeitete Daten: Kontakt- und Adressdaten sowie Finanzdaten.<\/li>\n\n\n\n<li>Softwareanbieter, zur Durchf\u00fchrung des Vertrags. Verarbeitete Daten: Kontakt- und Adressdaten.<\/li>\n\n\n\n<li>Website-Administrator, zur Vertragserf\u00fcllung. Verarbeitete Daten: Kontakt- und Adressdaten.<\/li>\n\n\n\n<li>Weitere eingeschaltete Dritte, soweit dies f\u00fcr die Vertragserf\u00fcllung notwendig ist. Verarbeitete Daten: Kontakt- und Adressdaten.<\/li>\n<\/ul>\n\n\n\n<p><a>Schutz personenbezogener Daten<\/a><\/p>\n\n\n\n<p>Magnetar nimmt den Schutz Ihrer personenbezogenen Daten sehr ernst und trifft unter Ber\u00fccksichtigung des Stands der Technik, der Implementierungskosten, der Art, des Umfangs, des Kontexts und der Zwecke der Verarbeitung sowie der unterschiedlich wahrscheinlichen und schwerwiegenden Risiken f\u00fcr die Rechte und Freiheiten nat\u00fcrlicher Personen geeignete technische und organisatorische Ma\u00dfnahmen, um ein dem Risiko angemessenes Schutzniveau zu gew\u00e4hrleisten.<\/p>\n\n\n\n<p><a>Haftungsausschluss<\/a><\/p>\n\n\n\n<p>Durch die Nutzung der Website stimmen Sie diesem Haftungsausschluss zu. Magnetar beh\u00e4lt sich das Recht vor, den Inhalt der Website und\/oder diesen Haftungsausschluss jederzeit ohne vorherige Ank\u00fcndigung zu \u00e4ndern. Obwohl die Inhalte der Website mit gr\u00f6\u00dfter Sorgfalt erstellt wurden, k\u00f6nnen dennoch Fehler oder Unvollst\u00e4ndigkeiten auftreten. Magnetar \u00fcbernimmt keinerlei Haftung f\u00fcr Sch\u00e4den, die durch die Nutzung der Website entstehen oder damit zusammenh\u00e4ngen. Die Nutzung der Website erfolgt vollst\u00e4ndig auf eigene Gefahr. Aus dem Inhalt der Website k\u00f6nnen keine Rechte abgeleitet werden. Alle auf der Website ver\u00f6ffentlichten Texte sind urheberrechtlich gesch\u00fctzt und Eigentum von Magnetar, soweit sie nicht Dritten geh\u00f6ren.<\/p>\n\n\n\n<p><a>Cookie-Erkl\u00e4rung<\/a><\/p>\n\n\n\n<p>Magnetar verwendet technische und funktionale Cookies, um die Website zu optimieren. Cookies sind kleine Textdateien, die beim Besuch einer Website an Ihren Browser gesendet werden, um die Benutzererfahrung effizienter zu gestalten. Gem\u00e4\u00df den gesetzlichen Bestimmungen darf Magnetar Cookies auf Ihrem Ger\u00e4t speichern, wenn diese Cookies f\u00fcr die Nutzung der Website unbedingt erforderlich sind. F\u00fcr andere Arten von Cookies ist Ihre Zustimmung erforderlich. Magnetar empfiehlt, alle Cookies zu akzeptieren, um die Benutzerfreundlichkeit der Website zu verbessern. Besucher der Website haben die M\u00f6glichkeit, ihre Cookie-Einstellungen selbst zu verwalten.<\/p>\n\n\n\n<p>Die von Magnetar verwendeten Cookies sind haupts\u00e4chlich funktionale Cookies: Beispiele sind das Speichern von Browsereinstellungen, Lastverteilung (Load-Balancing) und Cookies, die verhindern, dass weitere Cookies gesetzt werden d\u00fcrfen (No-Follow). Diese sorgen daf\u00fcr, dass die Website ordnungsgem\u00e4\u00df funktioniert. Sie beeintr\u00e4chtigen nicht Ihre Privatsph\u00e4re und erfordern daher keine separate Zustimmung.<\/p>\n\n\n\n<p>Mit Ihrer Zustimmung setzt Magnetar auch <strong>Tracking-Cookies<\/strong> auf Ihrem Computer: Dieses Profil wird nicht mit Ihrem Namen, Ihrer Adresse oder E-Mail-Adresse verkn\u00fcpft, sondern dient lediglich der Anpassung von Werbung auf Ihre Interessen. Diese dienen dazu, Ihr Surfverhalten zu verfolgen und ein Profil zu erstellen.<\/p>\n\n\n\n<p>Auf der Website von Magnetar werden zudem Cookies von Google zu Analysezwecken gesetzt (Google Analytics). Magnetar kann daraus keine R\u00fcckschl\u00fcsse auf einzelne Personen ziehen. Google Analytics k\u00f6nnte jedoch verpflichtet sein, Informationen an Beh\u00f6rden weiterzugeben. Wenn Sie Fragen hierzu haben, k\u00f6nnen Sie Magnetar unter <a href=\"mailto:info@test.magnetarheat.com\">info@test.magnetarheat.com<\/a> kontaktieren.<\/p>\n\n\n\n<p><a>Nutzung sozialer Medien<\/a><\/p>\n\n\n\n<p>Magnetar verwendet Cookies von Drittanbietern, um die Website zu optimieren. Einige Cookies werden von Diensten Dritter gesetzt, die auf der Website angezeigt werden, insbesondere von Google Analytics und sozialen Medien (Facebook, Instagram und YouTube). Auf die Verwendung von Cookies durch diese Drittanbieter finden deren eigene Datenschutz- und Cookie-Richtlinien Anwendung. Wenn Sie auf der Website auf eine Social-Media-Schaltfl\u00e4che klicken, wird ein entsprechendes Cookie gesetzt, das es der jeweiligen Plattform erm\u00f6glicht, Ihre IP-Adresse zu erkennen, sobald Sie Inhalte teilen. F\u00fcr weitere Informationen verweist Magnetar auf die Datenschutz- und Cookie-Erkl\u00e4rungen der jeweiligen Anbieter.<\/p>\n\n\n\n<p><a>Newsletter und andere Marketing-E-Mails<\/a><\/p>\n\n\n\n<p>Sie k\u00f6nnen sich \u00fcber die Website f\u00fcr den Newsletter und\/oder f\u00fcr andere kommerzielle Angebote anmelden. Mit Ihrer Registrierung willigen Sie ein, dass Magnetar Ihre E-Mail-Adresse verarbeitet, um Ihnen Marketing-E-Mails mit aktuellen Informationen \u00fcber Produkte, Dienstleistungen, Sonderangebote und Kampagnen zu senden.<\/p>\n\n\n\n<p>Ihre Einwilligung umfasst auch die Zustimmung dazu, dass Magnetar die Inhalte der Marketing-E-Mails auf Ihre Interessen und Ihr Profil abstimmt.<\/p>\n\n\n\n<p>Sie k\u00f6nnen Ihre Einwilligung jederzeit widerrufen, indem Sie auf &#8222;Abmelden&#8220; am Ende jeder Marketing-E-Mail klicken. Der Widerruf der Einwilligung beeinflusst nicht die Rechtm\u00e4\u00dfigkeit der Verarbeitung, die vor dem Widerruf erfolgt ist.<\/p>\n\n\n\n<p><a>Browser-Einstellungen<\/a><\/p>\n\n\n\n<p>Wenn Sie nicht m\u00f6chten, dass Websites Cookies auf Ihrem Ger\u00e4t speichern, k\u00f6nnen Sie Ihre Browsereinstellungen entsprechend anpassen. Bevor ein Cookie gesetzt wird, erhalten Sie eine Warnung und m\u00fcssen aktiv Ihre Zustimmung erteilen. Wenn Sie die Zustimmung verweigern, kann dies dazu f\u00fchren, dass die Website nicht optimal funktioniert. Sie k\u00f6nnen Ihren Browser so einstellen, dass alle Cookies oder nur Cookies von Dritten abgelehnt werden. Bereits gesetzte Cookies k\u00f6nnen Sie jederzeit \u00fcber die Einstellungen Ihres Browsers l\u00f6schen. Hierzu \u00e4ndern Sie Ihre Pr\u00e4ferenzen und passen Ihre Datenschutzeinstellungen entsprechend an.<\/p>\n\n\n\n<p>Bitte beachten Sie: Diese Datenschutzerkl\u00e4rung gilt nicht f\u00fcr Websites Dritter, die durch Links mit dieser Website verbunden sind. Magnetar \u00fcbernimmt keine Verantwortung f\u00fcr die Verarbeitung personenbezogener Daten durch diese Dritten und empfiehlt, deren jeweilige Datenschutzerkl\u00e4rung zu lesen.<\/p>\n\n\n\n<p><strong>Rechte der betroffenen Personen<\/strong><\/p>\n\n\n\n<p>Als betroffene Person haben Sie die folgenden Rechte:<\/p>\n\n\n\n<ul class=\"wp-block-list\">\n<li><strong>Recht auf Auskunft:<\/strong> Sie haben das Recht, Auskunft dar\u00fcber zu verlangen, ob und welche personenbezogenen Daten \u00fcber Sie verarbeitet werden.<\/li>\n\n\n\n<li><strong>Recht auf Berichtigung:<\/strong> Sie haben das Recht, die Berichtigung unrichtiger oder die Erg\u00e4nzung unvollst\u00e4ndiger personenbezogener Daten zu verlangen.<\/li>\n\n\n\n<li><strong>Recht auf L\u00f6schung:<\/strong> Sie haben das Recht, die unverz\u00fcgliche L\u00f6schung Ihrer personenbezogenen Daten zu verlangen.<\/li>\n\n\n\n<li><strong>Recht auf Einschr\u00e4nkung der Verarbeitung:<\/strong> Sie haben das Recht, die Einschr\u00e4nkung der Verarbeitung Ihrer personenbezogenen Daten zu verlangen. Wenden Sie sich hierzu bitte an Magnetar.<\/li>\n\n\n\n<li><strong>Recht auf Daten\u00fcbertragbarkeit:<\/strong> Sie haben das Recht, die Sie betreffenden personenbezogenen Daten, die Sie Magnetar bereitgestellt haben, in einem strukturierten, g\u00e4ngigen und maschinenlesbaren Format zu erhalten oder an einen Dritten \u00fcbertragen zu lassen.<\/li>\n\n\n\n<li><strong>Widerspruchsrecht:<\/strong> Sie haben jederzeit das Recht, aus Gr\u00fcnden, die sich aus Ihrer besonderen Situation ergeben, gegen die Verarbeitung Ihrer personenbezogenen Daten Widerspruch einzulegen, einschlie\u00dflich Profiling. Magnetar wird die Verarbeitung einstellen, es sei denn, es liegen zwingende schutzw\u00fcrdige Gr\u00fcnde vor, die Ihre Interessen, Rechte und Freiheiten \u00fcberwiegen oder die Verarbeitung dient der Geltendmachung, Aus\u00fcbung oder Verteidigung von Rechtsanspr\u00fcchen.<\/li>\n<\/ul>\n\n\n\n<p><a>Beschwerdeverfahren<\/a><\/p>\n\n\n\n<p>Wenn Sie Beschwerden \u00fcber die Verarbeitung Ihrer personenbezogenen Daten durch Magnetar haben oder eines Ihrer oben genannten Rechte aus\u00fcben m\u00f6chten, k\u00f6nnen Sie Magnetar \u00fcber die Website oder per E-Mail an <strong><a class=\"\">info@magnetar.nl<\/a><\/strong> kontaktieren.<br>Zur Best\u00e4tigung Ihrer Identit\u00e4t bitten wir Sie, eine Kopie Ihres Ausweises beizuf\u00fcgen (bitte machen Sie dabei Ihr Passfoto und die MRZ-Zeile (Maschinenlesbarer Bereich) unkenntlich).<br>Magnetar wird Ihre Anfrage so schnell wie m\u00f6glich, sp\u00e4testens jedoch innerhalb von vier (4) Wochen, beantworten.<\/p>\n\n\n\n<p>Au\u00dferdem haben Sie das Recht, eine Beschwerde bei der zust\u00e4ndigen Datenschutzbeh\u00f6rde einzureichen:<br><strong>Autoriteit Persoonsgegevens<\/strong> Sie k\u00f6nnen dies \u00fcber folgenden Link tun: <a class=\"\" href=\"https:\/\/autoriteitpersoonsgegevens.nl\/nl\/contact-met-de-autoriteit-persoonsgegevens\/tip-ons\">https:\/\/autoriteitpersoonsgegevens.nl\/nl\/contact-met-de-autoriteit-persoonsgegevens\/tip-ons<\/a><\/p>\n\n\n\n<p><a>\u00c4nderungen der Datenschutzerkl\u00e4rung<\/a><\/p>\n\n\n\n<p>Magnetar beh\u00e4lt sich das Recht vor, diese Datenschutzerkl\u00e4rung jederzeit zu \u00e4ndern.<br>Auf der Website wird stets die aktuellste Version ver\u00f6ffentlicht.<br>Bitte \u00fcberpr\u00fcfen Sie daher regelm\u00e4\u00dfig die Website.<br>Wenn \u00c4nderungen die Art und Weise betreffen, wie Magnetar bereits erhobene personenbezogene Daten verarbeitet, werden Sie dar\u00fcber per E-Mail informiert.<\/p>\n\n\n\n<p>Diese Version wurde zuletzt am <strong>5. November 2021<\/strong> festgelegt.<\/p>\n","protected":false},"excerpt":{"rendered":"<p>Datenschutzerkl\u00e4rung Magnetar B.V. Dies ist die Datenschutzerkl\u00e4rung der Gesellschaft mit beschr\u00e4nkter Haftung Magnetar B.V., im Folgenden: Magnetar. Magnetar ist bei der Handelskammer unter der Nummer 76761851 eingetragen und hat seinen Sitz an der Beeklandseweg 13 (8181NB) in Heerde. In diesem Dokument wird erl\u00e4utert, wie Magnetar mit der Verarbeitung Ihrer personenbezogenen Daten umgeht. Bei der Verarbeitung [&hellip;]<\/p>\n","protected":false},"author":1,"featured_media":0,"parent":0,"menu_order":0,"comment_status":"closed","ping_status":"closed","template":"","meta":{"inline_featured_image":false,"_monsterinsights_skip_tracking":false,"_monsterinsights_sitenote_active":false,"_monsterinsights_sitenote_note":"","_monsterinsights_sitenote_category":0,"footnotes":""},"class_list":["post-70773","page","type-page","status-publish","hentry"],"yoast_head":"<!-- This site is optimized with the Yoast SEO plugin v27.0 - https:\/\/yoast.com\/product\/yoast-seo-wordpress\/ -->\n<title>Datenschutzerkl\u00e4rung - Magnetar Heat<\/title>\n<meta name=\"robots\" content=\"index, follow, max-snippet:-1, max-image-preview:large, max-video-preview:-1\" \/>\n<link rel=\"canonical\" href=\"https:\/\/test.magnetarheat.com\/de\/datenschutzerklaerung\/\" \/>\n<meta property=\"og:locale\" content=\"de_DE\" \/>\n<meta property=\"og:type\" content=\"article\" \/>\n<meta property=\"og:title\" content=\"Datenschutzerkl\u00e4rung - Magnetar Heat\" \/>\n<meta property=\"og:description\" content=\"Datenschutzerkl\u00e4rung Magnetar B.V. Dies ist die Datenschutzerkl\u00e4rung der Gesellschaft mit beschr\u00e4nkter Haftung Magnetar B.V., im Folgenden: Magnetar. Magnetar ist bei der Handelskammer unter der Nummer 76761851 eingetragen und hat seinen Sitz an der Beeklandseweg 13 (8181NB) in Heerde. In diesem Dokument wird erl\u00e4utert, wie Magnetar mit der Verarbeitung Ihrer personenbezogenen Daten umgeht. Bei der Verarbeitung [&hellip;]\" \/>\n<meta property=\"og:url\" content=\"https:\/\/test.magnetarheat.com\/de\/datenschutzerklaerung\/\" \/>\n<meta property=\"og:site_name\" content=\"Magnetar Heat\" \/>\n<meta property=\"article:modified_time\" content=\"2025-04-22T12:53:06+00:00\" \/>\n<meta name=\"twitter:card\" content=\"summary_large_image\" \/>\n<script type=\"application\/ld+json\" class=\"yoast-schema-graph\">{\"@context\":\"https:\/\/schema.org\",\"@graph\":[{\"@type\":\"WebPage\",\"@id\":\"https:\/\/test.magnetarheat.com\/de\/datenschutzerklaerung\/\",\"url\":\"https:\/\/test.magnetarheat.com\/de\/datenschutzerklaerung\/\",\"name\":\"Datenschutzerkl\u00e4rung - Magnetar Heat\",\"isPartOf\":{\"@id\":\"https:\/\/magnetarheat.com\/#website\"},\"datePublished\":\"2022-01-12T14:13:01+00:00\",\"dateModified\":\"2025-04-22T12:53:06+00:00\",\"breadcrumb\":{\"@id\":\"https:\/\/test.magnetarheat.com\/de\/datenschutzerklaerung\/#breadcrumb\"},\"inLanguage\":\"de\",\"potentialAction\":[{\"@type\":\"ReadAction\",\"target\":[\"https:\/\/test.magnetarheat.com\/de\/datenschutzerklaerung\/\"]}]},{\"@type\":\"BreadcrumbList\",\"@id\":\"https:\/\/test.magnetarheat.com\/de\/datenschutzerklaerung\/#breadcrumb\",\"itemListElement\":[{\"@type\":\"ListItem\",\"position\":1,\"name\":\"Startseite\",\"item\":\"https:\/\/magnetarheat.com\/de\/\"},{\"@type\":\"ListItem\",\"position\":2,\"name\":\"Datenschutzerkl\u00e4rung\"}]},{\"@type\":\"WebSite\",\"@id\":\"https:\/\/magnetarheat.com\/#website\",\"url\":\"https:\/\/magnetarheat.com\/\",\"name\":\"Magnetar Heat\",\"description\":\"Heated Clothing by Magnetar Heat\",\"publisher\":{\"@id\":\"https:\/\/magnetarheat.com\/#organization\"},\"potentialAction\":[{\"@type\":\"SearchAction\",\"target\":{\"@type\":\"EntryPoint\",\"urlTemplate\":\"https:\/\/magnetarheat.com\/?s={search_term_string}\"},\"query-input\":{\"@type\":\"PropertyValueSpecification\",\"valueRequired\":true,\"valueName\":\"search_term_string\"}}],\"inLanguage\":\"de\"},{\"@type\":\"Organization\",\"@id\":\"https:\/\/magnetarheat.com\/#organization\",\"name\":\"Magnetar Heat\",\"url\":\"https:\/\/magnetarheat.com\/\",\"logo\":{\"@type\":\"ImageObject\",\"inLanguage\":\"de\",\"@id\":\"https:\/\/magnetarheat.com\/#\/schema\/logo\/image\/\",\"url\":\"https:\/\/magnetarheat.com\/wp-content\/uploads\/2022\/01\/Magnetar-Heat-Final-logo_PNG-1-2.png\",\"contentUrl\":\"https:\/\/magnetarheat.com\/wp-content\/uploads\/2022\/01\/Magnetar-Heat-Final-logo_PNG-1-2.png\",\"width\":500,\"height\":131,\"caption\":\"Magnetar Heat\"},\"image\":{\"@id\":\"https:\/\/magnetarheat.com\/#\/schema\/logo\/image\/\"}}]}<\/script>\n<!-- \/ Yoast SEO plugin. -->","yoast_head_json":{"title":"Datenschutzerkl\u00e4rung - Magnetar Heat","robots":{"index":"index","follow":"follow","max-snippet":"max-snippet:-1","max-image-preview":"max-image-preview:large","max-video-preview":"max-video-preview:-1"},"canonical":"https:\/\/test.magnetarheat.com\/de\/datenschutzerklaerung\/","og_locale":"de_DE","og_type":"article","og_title":"Datenschutzerkl\u00e4rung - Magnetar Heat","og_description":"Datenschutzerkl\u00e4rung Magnetar B.V. Dies ist die Datenschutzerkl\u00e4rung der Gesellschaft mit beschr\u00e4nkter Haftung Magnetar B.V., im Folgenden: Magnetar. Magnetar ist bei der Handelskammer unter der Nummer 76761851 eingetragen und hat seinen Sitz an der Beeklandseweg 13 (8181NB) in Heerde. In diesem Dokument wird erl\u00e4utert, wie Magnetar mit der Verarbeitung Ihrer personenbezogenen Daten umgeht. Bei der Verarbeitung [&hellip;]","og_url":"https:\/\/test.magnetarheat.com\/de\/datenschutzerklaerung\/","og_site_name":"Magnetar Heat","article_modified_time":"2025-04-22T12:53:06+00:00","twitter_card":"summary_large_image","schema":{"@context":"https:\/\/schema.org","@graph":[{"@type":"WebPage","@id":"https:\/\/test.magnetarheat.com\/de\/datenschutzerklaerung\/","url":"https:\/\/test.magnetarheat.com\/de\/datenschutzerklaerung\/","name":"Datenschutzerkl\u00e4rung - Magnetar Heat","isPartOf":{"@id":"https:\/\/magnetarheat.com\/#website"},"datePublished":"2022-01-12T14:13:01+00:00","dateModified":"2025-04-22T12:53:06+00:00","breadcrumb":{"@id":"https:\/\/test.magnetarheat.com\/de\/datenschutzerklaerung\/#breadcrumb"},"inLanguage":"de","potentialAction":[{"@type":"ReadAction","target":["https:\/\/test.magnetarheat.com\/de\/datenschutzerklaerung\/"]}]},{"@type":"BreadcrumbList","@id":"https:\/\/test.magnetarheat.com\/de\/datenschutzerklaerung\/#breadcrumb","itemListElement":[{"@type":"ListItem","position":1,"name":"Startseite","item":"https:\/\/magnetarheat.com\/de\/"},{"@type":"ListItem","position":2,"name":"Datenschutzerkl\u00e4rung"}]},{"@type":"WebSite","@id":"https:\/\/magnetarheat.com\/#website","url":"https:\/\/magnetarheat.com\/","name":"Magnetar Heat","description":"Heated Clothing by Magnetar Heat","publisher":{"@id":"https:\/\/magnetarheat.com\/#organization"},"potentialAction":[{"@type":"SearchAction","target":{"@type":"EntryPoint","urlTemplate":"https:\/\/magnetarheat.com\/?s={search_term_string}"},"query-input":{"@type":"PropertyValueSpecification","valueRequired":true,"valueName":"search_term_string"}}],"inLanguage":"de"},{"@type":"Organization","@id":"https:\/\/magnetarheat.com\/#organization","name":"Magnetar Heat","url":"https:\/\/magnetarheat.com\/","logo":{"@type":"ImageObject","inLanguage":"de","@id":"https:\/\/magnetarheat.com\/#\/schema\/logo\/image\/","url":"https:\/\/magnetarheat.com\/wp-content\/uploads\/2022\/01\/Magnetar-Heat-Final-logo_PNG-1-2.png","contentUrl":"https:\/\/magnetarheat.com\/wp-content\/uploads\/2022\/01\/Magnetar-Heat-Final-logo_PNG-1-2.png","width":500,"height":131,"caption":"Magnetar Heat"},"image":{"@id":"https:\/\/magnetarheat.com\/#\/schema\/logo\/image\/"}}]}},"_links":{"self":[{"href":"https:\/\/test.magnetarheat.com\/de\/wp-json\/wp\/v2\/pages\/70773","targetHints":{"allow":["GET"]}}],"collection":[{"href":"https:\/\/test.magnetarheat.com\/de\/wp-json\/wp\/v2\/pages"}],"about":[{"href":"https:\/\/test.magnetarheat.com\/de\/wp-json\/wp\/v2\/types\/page"}],"author":[{"embeddable":true,"href":"https:\/\/test.magnetarheat.com\/de\/wp-json\/wp\/v2\/users\/1"}],"replies":[{"embeddable":true,"href":"https:\/\/test.magnetarheat.com\/de\/wp-json\/wp\/v2\/comments?post=70773"}],"version-history":[{"count":0,"href":"https:\/\/test.magnetarheat.com\/de\/wp-json\/wp\/v2\/pages\/70773\/revisions"}],"wp:attachment":[{"href":"https:\/\/test.magnetarheat.com\/de\/wp-json\/wp\/v2\/media?parent=70773"}],"curies":[{"name":"wp","href":"https:\/\/api.w.org\/{rel}","templated":true}]}}