{"id":70780,"date":"2021-11-29T10:14:30","date_gmt":"2021-11-29T10:14:30","guid":{"rendered":"https:\/\/magnetarheat.com\/?page_id=70780"},"modified":"2025-04-22T09:34:02","modified_gmt":"2025-04-22T09:34:02","slug":"geschaeftlich","status":"publish","type":"page","link":"https:\/\/test.magnetarheat.com\/de\/geschaeftlich\/","title":{"rendered":"Gesch\u00e4ftlich"},"content":{"rendered":"\n<p>Arbeiten deine Mitarbeiter in einer kalten Umgebung und m\u00f6chtest du daran etwas \u00e4ndern? Dann f\u00fclle einfach das untenstehende Kontaktformular aus. Es besteht zudem die M\u00f6glichkeit, die Jacken individuell anzupassen, zum Beispiel mit deinem Firmenlogo. Sobald du das Formular ausgef\u00fcllt hast, erh\u00e4ltst du innerhalb von 1\u20133 Werktagen eine R\u00fcckmeldung auf deine Anfrage. Bitte beachte: Diese Seite ist nicht f\u00fcr den Einkauf von Lagerbest\u00e4nden f\u00fcr dein Unternehmen vorgesehen.<\/p>\n\n\n","protected":false},"excerpt":{"rendered":"<p>Arbeiten deine Mitarbeiter in einer kalten Umgebung und m\u00f6chtest du daran etwas \u00e4ndern? Dann f\u00fclle einfach das untenstehende Kontaktformular aus. Es besteht zudem die M\u00f6glichkeit, die Jacken individuell anzupassen, zum Beispiel mit deinem Firmenlogo. Sobald du das Formular ausgef\u00fcllt hast, erh\u00e4ltst du innerhalb von 1\u20133 Werktagen eine R\u00fcckmeldung auf deine Anfrage. Bitte beachte: Diese Seite [&hellip;]<\/p>\n","protected":false},"author":1,"featured_media":70782,"parent":0,"menu_order":0,"comment_status":"closed","ping_status":"closed","template":"","meta":{"inline_featured_image":false,"_monsterinsights_skip_tracking":false,"_monsterinsights_sitenote_active":false,"_monsterinsights_sitenote_note":"","_monsterinsights_sitenote_category":0,"footnotes":""},"class_list":["post-70780","page","type-page","status-publish","has-post-thumbnail","hentry"],"yoast_head":"<!-- This site is optimized with the Yoast SEO plugin v27.0 - https:\/\/yoast.com\/product\/yoast-seo-wordpress\/ -->\n<title>Gesch\u00e4ftlich - Magnetar Heat<\/title>\n<meta name=\"robots\" content=\"index, follow, max-snippet:-1, max-image-preview:large, max-video-preview:-1\" \/>\n<link rel=\"canonical\" href=\"https:\/\/test.magnetarheat.com\/de\/geschaeftlich\/\" \/>\n<meta property=\"og:locale\" content=\"de_DE\" \/>\n<meta property=\"og:type\" content=\"article\" \/>\n<meta property=\"og:title\" content=\"Gesch\u00e4ftlich - Magnetar Heat\" \/>\n<meta property=\"og:description\" content=\"Arbeiten deine Mitarbeiter in einer kalten Umgebung und m\u00f6chtest du daran etwas \u00e4ndern? Dann f\u00fclle einfach das untenstehende Kontaktformular aus. Es besteht zudem die M\u00f6glichkeit, die Jacken individuell anzupassen, zum Beispiel mit deinem Firmenlogo. Sobald du das Formular ausgef\u00fcllt hast, erh\u00e4ltst du innerhalb von 1\u20133 Werktagen eine R\u00fcckmeldung auf deine Anfrage. Bitte beachte: Diese Seite [&hellip;]\" \/>\n<meta property=\"og:url\" content=\"https:\/\/test.magnetarheat.com\/de\/geschaeftlich\/\" \/>\n<meta property=\"og:site_name\" content=\"Magnetar Heat\" \/>\n<meta property=\"article:modified_time\" content=\"2025-04-22T09:34:02+00:00\" \/>\n<meta property=\"og:image\" content=\"https:\/\/magnetarheat.com\/wp-content\/uploads\/2021\/11\/pexels-invisiblepower-303530-scaled.jpg\" \/>\n\t<meta property=\"og:image:width\" content=\"2560\" \/>\n\t<meta property=\"og:image:height\" content=\"1461\" \/>\n\t<meta property=\"og:image:type\" content=\"image\/jpeg\" \/>\n<meta name=\"twitter:card\" content=\"summary_large_image\" \/>\n<meta name=\"twitter:label1\" content=\"Gesch\u00e4tzte Lesezeit\" \/>\n\t<meta name=\"twitter:data1\" content=\"1\u00a0Minute\" \/>\n<script type=\"application\/ld+json\" class=\"yoast-schema-graph\">{\"@context\":\"https:\/\/schema.org\",\"@graph\":[{\"@type\":\"WebPage\",\"@id\":\"https:\/\/test.magnetarheat.com\/de\/geschaeftlich\/\",\"url\":\"https:\/\/test.magnetarheat.com\/de\/geschaeftlich\/\",\"name\":\"Gesch\u00e4ftlich - Magnetar Heat\",\"isPartOf\":{\"@id\":\"https:\/\/magnetarheat.com\/#website\"},\"primaryImageOfPage\":{\"@id\":\"https:\/\/test.magnetarheat.com\/de\/geschaeftlich\/#primaryimage\"},\"image\":{\"@id\":\"https:\/\/test.magnetarheat.com\/de\/geschaeftlich\/#primaryimage\"},\"thumbnailUrl\":\"https:\/\/test.magnetarheat.com\/wp-content\/uploads\/2021\/11\/pexels-invisiblepower-303530-scaled.jpg\",\"datePublished\":\"2021-11-29T10:14:30+00:00\",\"dateModified\":\"2025-04-22T09:34:02+00:00\",\"breadcrumb\":{\"@id\":\"https:\/\/test.magnetarheat.com\/de\/geschaeftlich\/#breadcrumb\"},\"inLanguage\":\"de\",\"potentialAction\":[{\"@type\":\"ReadAction\",\"target\":[\"https:\/\/test.magnetarheat.com\/de\/geschaeftlich\/\"]}]},{\"@type\":\"ImageObject\",\"inLanguage\":\"de\",\"@id\":\"https:\/\/test.magnetarheat.com\/de\/geschaeftlich\/#primaryimage\",\"url\":\"https:\/\/test.magnetarheat.com\/wp-content\/uploads\/2021\/11\/pexels-invisiblepower-303530-scaled.jpg\",\"contentUrl\":\"https:\/\/test.magnetarheat.com\/wp-content\/uploads\/2021\/11\/pexels-invisiblepower-303530-scaled.jpg\",\"width\":2560,\"height\":1461},{\"@type\":\"BreadcrumbList\",\"@id\":\"https:\/\/test.magnetarheat.com\/de\/geschaeftlich\/#breadcrumb\",\"itemListElement\":[{\"@type\":\"ListItem\",\"position\":1,\"name\":\"Startseite\",\"item\":\"https:\/\/magnetarheat.com\/de\/\"},{\"@type\":\"ListItem\",\"position\":2,\"name\":\"Gesch\u00e4ftlich\"}]},{\"@type\":\"WebSite\",\"@id\":\"https:\/\/magnetarheat.com\/#website\",\"url\":\"https:\/\/magnetarheat.com\/\",\"name\":\"Magnetar Heat\",\"description\":\"Heated Clothing by Magnetar Heat\",\"publisher\":{\"@id\":\"https:\/\/magnetarheat.com\/#organization\"},\"potentialAction\":[{\"@type\":\"SearchAction\",\"target\":{\"@type\":\"EntryPoint\",\"urlTemplate\":\"https:\/\/magnetarheat.com\/?s={search_term_string}\"},\"query-input\":{\"@type\":\"PropertyValueSpecification\",\"valueRequired\":true,\"valueName\":\"search_term_string\"}}],\"inLanguage\":\"de\"},{\"@type\":\"Organization\",\"@id\":\"https:\/\/magnetarheat.com\/#organization\",\"name\":\"Magnetar Heat\",\"url\":\"https:\/\/magnetarheat.com\/\",\"logo\":{\"@type\":\"ImageObject\",\"inLanguage\":\"de\",\"@id\":\"https:\/\/magnetarheat.com\/#\/schema\/logo\/image\/\",\"url\":\"https:\/\/magnetarheat.com\/wp-content\/uploads\/2022\/01\/Magnetar-Heat-Final-logo_PNG-1-2.png\",\"contentUrl\":\"https:\/\/magnetarheat.com\/wp-content\/uploads\/2022\/01\/Magnetar-Heat-Final-logo_PNG-1-2.png\",\"width\":500,\"height\":131,\"caption\":\"Magnetar Heat\"},\"image\":{\"@id\":\"https:\/\/magnetarheat.com\/#\/schema\/logo\/image\/\"}}]}<\/script>\n<!-- \/ Yoast SEO plugin. -->","yoast_head_json":{"title":"Gesch\u00e4ftlich - Magnetar Heat","robots":{"index":"index","follow":"follow","max-snippet":"max-snippet:-1","max-image-preview":"max-image-preview:large","max-video-preview":"max-video-preview:-1"},"canonical":"https:\/\/test.magnetarheat.com\/de\/geschaeftlich\/","og_locale":"de_DE","og_type":"article","og_title":"Gesch\u00e4ftlich - Magnetar Heat","og_description":"Arbeiten deine Mitarbeiter in einer kalten Umgebung und m\u00f6chtest du daran etwas \u00e4ndern? Dann f\u00fclle einfach das untenstehende Kontaktformular aus. Es besteht zudem die M\u00f6glichkeit, die Jacken individuell anzupassen, zum Beispiel mit deinem Firmenlogo. Sobald du das Formular ausgef\u00fcllt hast, erh\u00e4ltst du innerhalb von 1\u20133 Werktagen eine R\u00fcckmeldung auf deine Anfrage. Bitte beachte: Diese Seite [&hellip;]","og_url":"https:\/\/test.magnetarheat.com\/de\/geschaeftlich\/","og_site_name":"Magnetar Heat","article_modified_time":"2025-04-22T09:34:02+00:00","og_image":[{"width":2560,"height":1461,"url":"https:\/\/magnetarheat.com\/wp-content\/uploads\/2021\/11\/pexels-invisiblepower-303530-scaled.jpg","type":"image\/jpeg"}],"twitter_card":"summary_large_image","twitter_misc":{"Gesch\u00e4tzte Lesezeit":"1\u00a0Minute"},"schema":{"@context":"https:\/\/schema.org","@graph":[{"@type":"WebPage","@id":"https:\/\/test.magnetarheat.com\/de\/geschaeftlich\/","url":"https:\/\/test.magnetarheat.com\/de\/geschaeftlich\/","name":"Gesch\u00e4ftlich - Magnetar Heat","isPartOf":{"@id":"https:\/\/magnetarheat.com\/#website"},"primaryImageOfPage":{"@id":"https:\/\/test.magnetarheat.com\/de\/geschaeftlich\/#primaryimage"},"image":{"@id":"https:\/\/test.magnetarheat.com\/de\/geschaeftlich\/#primaryimage"},"thumbnailUrl":"https:\/\/test.magnetarheat.com\/wp-content\/uploads\/2021\/11\/pexels-invisiblepower-303530-scaled.jpg","datePublished":"2021-11-29T10:14:30+00:00","dateModified":"2025-04-22T09:34:02+00:00","breadcrumb":{"@id":"https:\/\/test.magnetarheat.com\/de\/geschaeftlich\/#breadcrumb"},"inLanguage":"de","potentialAction":[{"@type":"ReadAction","target":["https:\/\/test.magnetarheat.com\/de\/geschaeftlich\/"]}]},{"@type":"ImageObject","inLanguage":"de","@id":"https:\/\/test.magnetarheat.com\/de\/geschaeftlich\/#primaryimage","url":"https:\/\/test.magnetarheat.com\/wp-content\/uploads\/2021\/11\/pexels-invisiblepower-303530-scaled.jpg","contentUrl":"https:\/\/test.magnetarheat.com\/wp-content\/uploads\/2021\/11\/pexels-invisiblepower-303530-scaled.jpg","width":2560,"height":1461},{"@type":"BreadcrumbList","@id":"https:\/\/test.magnetarheat.com\/de\/geschaeftlich\/#breadcrumb","itemListElement":[{"@type":"ListItem","position":1,"name":"Startseite","item":"https:\/\/magnetarheat.com\/de\/"},{"@type":"ListItem","position":2,"name":"Gesch\u00e4ftlich"}]},{"@type":"WebSite","@id":"https:\/\/magnetarheat.com\/#website","url":"https:\/\/magnetarheat.com\/","name":"Magnetar Heat","description":"Heated Clothing by Magnetar Heat","publisher":{"@id":"https:\/\/magnetarheat.com\/#organization"},"potentialAction":[{"@type":"SearchAction","target":{"@type":"EntryPoint","urlTemplate":"https:\/\/magnetarheat.com\/?s={search_term_string}"},"query-input":{"@type":"PropertyValueSpecification","valueRequired":true,"valueName":"search_term_string"}}],"inLanguage":"de"},{"@type":"Organization","@id":"https:\/\/magnetarheat.com\/#organization","name":"Magnetar Heat","url":"https:\/\/magnetarheat.com\/","logo":{"@type":"ImageObject","inLanguage":"de","@id":"https:\/\/magnetarheat.com\/#\/schema\/logo\/image\/","url":"https:\/\/magnetarheat.com\/wp-content\/uploads\/2022\/01\/Magnetar-Heat-Final-logo_PNG-1-2.png","contentUrl":"https:\/\/magnetarheat.com\/wp-content\/uploads\/2022\/01\/Magnetar-Heat-Final-logo_PNG-1-2.png","width":500,"height":131,"caption":"Magnetar Heat"},"image":{"@id":"https:\/\/magnetarheat.com\/#\/schema\/logo\/image\/"}}]}},"_links":{"self":[{"href":"https:\/\/test.magnetarheat.com\/de\/wp-json\/wp\/v2\/pages\/70780","targetHints":{"allow":["GET"]}}],"collection":[{"href":"https:\/\/test.magnetarheat.com\/de\/wp-json\/wp\/v2\/pages"}],"about":[{"href":"https:\/\/test.magnetarheat.com\/de\/wp-json\/wp\/v2\/types\/page"}],"author":[{"embeddable":true,"href":"https:\/\/test.magnetarheat.com\/de\/wp-json\/wp\/v2\/users\/1"}],"replies":[{"embeddable":true,"href":"https:\/\/test.magnetarheat.com\/de\/wp-json\/wp\/v2\/comments?post=70780"}],"version-history":[{"count":0,"href":"https:\/\/test.magnetarheat.com\/de\/wp-json\/wp\/v2\/pages\/70780\/revisions"}],"wp:featuredmedia":[{"embeddable":true,"href":"https:\/\/test.magnetarheat.com\/de\/wp-json\/wp\/v2\/media\/70782"}],"wp:attachment":[{"href":"https:\/\/test.magnetarheat.com\/de\/wp-json\/wp\/v2\/media?parent=70780"}],"curies":[{"name":"wp","href":"https:\/\/api.w.org\/{rel}","templated":true}]}}